{"id":270,"date":"2018-09-25T04:24:09","date_gmt":"2018-09-25T04:24:09","guid":{"rendered":"https:\/\/demo.themegrill.com\/zakra-gutenberg\/?page_id=2"},"modified":"2022-10-21T10:39:08","modified_gmt":"2022-10-21T08:39:08","slug":"contact-us","status":"publish","type":"page","link":"https:\/\/quantum.lis-lab.fr\/?page_id=270","title":{"rendered":"Liste de diffusion\/Mailing list"},"content":{"rendered":"\n<div class=\"wp-block-group stretched-heading has-background\" style=\"background-color:#f7f8fa\"><div class=\"wp-block-group__inner-container is-layout-flow wp-block-group-is-layout-flow\">\n<h6 class=\"has-text-align-left wp-block-heading\"><\/h6>\n\n\n\n<p class=\"wp-block-paragraph\"><strong>Subscribe to Quantum <\/strong>-&gt; <a href=\"https:\/\/liste.lis-lab.fr\/lists\/listinfo\/quantum\">https:\/\/liste.lis-lab.fr\/lists\/listinfo\/quantum<\/a> <\/p>\n\n\n\n<p class=\"wp-block-paragraph\">You will be sent email requesting confirmation. Once confirmation is received, your request will be held for approval by the moderator and you will be notified soon by email.  <\/p>\n\n\n\n<p class=\"wp-block-paragraph\"><strong>This is also a private list, which means that the list of members is not available to non-members.<\/strong><\/p>\n\n\n\n<p class=\"wp-block-paragraph\">&#8212;&#8212;&#8212;&#8212;&#8212;&#8212;&#8212;&#8212;&#8212;&#8212;&#8212;&#8212;&#8212;&#8212;&#8212;&#8212;&#8212;&#8212;&#8212;&#8212;&#8212;&#8212;&#8212;&#8212;&#8212;&#8212;&#8212;&#8212;-<\/p>\n\n\n\n<p class=\"wp-block-paragraph\"><strong>S&rsquo;abonner \u00e0 Quantum<\/strong> -> <a href=\"https:\/\/liste.lis-lab.fr\/lists\/listinfo\/quantum\">https:\/\/liste.lis-lab.fr\/lists\/listinfo\/quantum<\/a><\/p>\n\n\n\n<p class=\"wp-block-paragraph\">Vous recevrez un courriel vous demandant de confirmer votre demande. Une fois la confirmation re\u00e7ue, votre demande sera mise en attente d&rsquo;approbation par le mod\u00e9rateur et vous en serez inform\u00e9 rapidement par e-mail.<\/p>\n\n\n\n<p class=\"wp-block-paragraph\"><strong>Il s&rsquo;agit \u00e9galement d&rsquo;une liste priv\u00e9e, ce qui signifie que la liste des membres n&rsquo;est pas accessible aux non-membres.<\/strong><\/p>\n\n\n\n<p class=\"wp-block-paragraph\"><\/p>\n<\/div><\/div>\n\n\n\n<p class=\"wp-block-paragraph\"><\/p>\n\n\n\n<p class=\"wp-block-paragraph\"><\/p>\n\n\n\n<p class=\"wp-block-paragraph\"><\/p>\n","protected":false},"excerpt":{"rendered":"<p>Subscribe to Quantum -&gt; https:\/\/liste.lis-lab.fr\/lists\/listinfo\/quantum You will be sent email requesting confirmation. Once confirmation is received, your request will be held for approval by the moderator and you will be notified soon by email. This is [&#8230;]<\/p>\n","protected":false},"author":1,"featured_media":0,"parent":0,"menu_order":0,"comment_status":"closed","ping_status":"open","template":"page-templates\/pagebuilder.php","meta":{"_crdt_document":"","footnotes":""},"class_list":["post-270","page","type-page","status-publish","hentry"],"_links":{"self":[{"href":"https:\/\/quantum.lis-lab.fr\/index.php?rest_route=\/wp\/v2\/pages\/270","targetHints":{"allow":["GET"]}}],"collection":[{"href":"https:\/\/quantum.lis-lab.fr\/index.php?rest_route=\/wp\/v2\/pages"}],"about":[{"href":"https:\/\/quantum.lis-lab.fr\/index.php?rest_route=\/wp\/v2\/types\/page"}],"author":[{"embeddable":true,"href":"https:\/\/quantum.lis-lab.fr\/index.php?rest_route=\/wp\/v2\/users\/1"}],"replies":[{"embeddable":true,"href":"https:\/\/quantum.lis-lab.fr\/index.php?rest_route=%2Fwp%2Fv2%2Fcomments&post=270"}],"version-history":[{"count":4,"href":"https:\/\/quantum.lis-lab.fr\/index.php?rest_route=\/wp\/v2\/pages\/270\/revisions"}],"predecessor-version":[{"id":309,"href":"https:\/\/quantum.lis-lab.fr\/index.php?rest_route=\/wp\/v2\/pages\/270\/revisions\/309"}],"wp:attachment":[{"href":"https:\/\/quantum.lis-lab.fr\/index.php?rest_route=%2Fwp%2Fv2%2Fmedia&parent=270"}],"curies":[{"name":"wp","href":"https:\/\/api.w.org\/{rel}","templated":true}]}}